{"id":77,"date":"2015-12-28T19:47:15","date_gmt":"2015-12-28T18:47:15","guid":{"rendered":"http:\/\/cel-lecco.it\/?page_id=77"},"modified":"2025-07-04T10:46:12","modified_gmt":"2025-07-04T08:46:12","slug":"quadri-elettrici","status":"publish","type":"page","link":"https:\/\/www.cel-lecco.it\/index.php\/quadri-elettrici\/","title":{"rendered":"QUADRI ELETTRICI"},"content":{"rendered":"<p><span style=\"font-size: medium;\">Quadri di comando<\/span><\/p>\n<p>La storia di CEL comincia con i quadri elettrici. Da allora non abbiamo perso l&#8217;abitudine di realizzare linee di quadri sempre pi\u00f9 sofisticati e all&#8217;avanguardia: alla base del nostro successo c&#8217;\u00e8 il rapporto con il cliente, e la capacit\u00e0 di confronto con le sue necessit\u00e0.<\/p>\n<p>Alcune importanti installazioni:<\/p>\n<ul class=\"listed\">\n<li>Settore alimentare<\/li>\n<li>Linee per la verniciatura a polvere<\/li>\n<li>Linee per la verniciatura a liquido<\/li>\n<li>Linee per lo stampaggio<\/li>\n<li>Linee per l&#8217;incollaggio<\/li>\n<li>Linee per il lavaggio industriale<\/li>\n<\/ul>\n<p>Progettazione e produzione di un quadro di comando<\/p>\n<p><strong>Il targert<\/strong><\/p>\n<p>Avviene insieme al cliente, con il quale si determinano le specifiche tecniche e gli obiettivi da raggiungere<\/p>\n<p><strong>Progettazione<\/strong><\/p>\n<p>Se ne occupa il nostro ufficio tecnico: &#8211; Scelta della componentistica in funzione degli obiettivi tecnici\/economici del cliente &#8211; Esecuzione dello schema elettrico &#8211; Esecuzione del software &#8211; Progettazione dell&#8217;impianto bordo macchina &#8211; Confronto con il cliente<\/p>\n<p><strong>Assemblaggio e cablaggio<\/strong><\/p>\n<p>Il laboratorio \u00e8 composto da cinque tecnici specializzati, ognuno dei quali ha alle spalle oltre quindici anni di esperienza in quadri elettrici di qualsiasi complessit\u00e0<\/p>\n<p><strong>Collado &#8220;in bianco&#8221;<\/strong><\/p>\n<p>Terminata la fase esecutiva ogni quadro elettrico viene testato per verificarne la corretta funzionalit\u00e0, al fine di evitare ritardi durante lo start up presso il cliente.<\/p>\n<p><strong>Esecuzione bordo macchina<\/strong><\/p>\n<p>I nostri operatori installano presso il cliente l&#8217;impianto elettrico sulla macchina. Siamo in grado di offrire un servizio \u201cchiavi in mano\u201d, e di essere unici responsabili del lavoro eseguito.<\/p>\n<p><strong>Collaudo finale<\/strong><\/p>\n<p>Viene eseguito da un nostro tecnico specializzato.<\/p>\n<p><img loading=\"lazy\" class=\"alignnone size-full wp-image-78\" src=\"http:\/\/cel-lecco.it\/wp-content\/uploads\/2015\/12\/OFFICINA-a.jpg\" alt=\"OFFICINA-a\" width=\"450\" height=\"465\" \/><\/p>\n<p><img loading=\"lazy\" class=\"alignnone size-full wp-image-79\" src=\"http:\/\/cel-lecco.it\/wp-content\/uploads\/2015\/12\/OFFICINA-b.jpg\" alt=\"OFFICINA-b\" width=\"450\" height=\"338\" \/><\/p>\n<p><img loading=\"lazy\" class=\"alignnone size-full wp-image-80\" src=\"http:\/\/cel-lecco.it\/wp-content\/uploads\/2015\/12\/OFFICINA-c.jpg\" alt=\"OFFICINA-c\" width=\"450\" height=\"300\" \/><\/p>\n","protected":false},"excerpt":{"rendered":"<p class=\"post-excerpt\">Quadri di comando La storia di CEL comincia con i quadri elettrici.&hellip;<\/p>\n<div class=\"link-more\"><a href=\"https:\/\/www.cel-lecco.it\/index.php\/quadri-elettrici\/\">Continua a leggere <span class=\"screen-reader-text\"> \"QUADRI ELETTRICI\"<\/span>&hellip;<\/a><\/div>","protected":false},"author":1,"featured_media":19,"parent":0,"menu_order":0,"comment_status":"closed","ping_status":"closed","template":"","meta":[],"_links":{"self":[{"href":"https:\/\/www.cel-lecco.it\/index.php\/wp-json\/wp\/v2\/pages\/77"}],"collection":[{"href":"https:\/\/www.cel-lecco.it\/index.php\/wp-json\/wp\/v2\/pages"}],"about":[{"href":"https:\/\/www.cel-lecco.it\/index.php\/wp-json\/wp\/v2\/types\/page"}],"author":[{"embeddable":true,"href":"https:\/\/www.cel-lecco.it\/index.php\/wp-json\/wp\/v2\/users\/1"}],"replies":[{"embeddable":true,"href":"https:\/\/www.cel-lecco.it\/index.php\/wp-json\/wp\/v2\/comments?post=77"}],"version-history":[{"count":1,"href":"https:\/\/www.cel-lecco.it\/index.php\/wp-json\/wp\/v2\/pages\/77\/revisions"}],"predecessor-version":[{"id":81,"href":"https:\/\/www.cel-lecco.it\/index.php\/wp-json\/wp\/v2\/pages\/77\/revisions\/81"}],"wp:featuredmedia":[{"embeddable":true,"href":"https:\/\/www.cel-lecco.it\/index.php\/wp-json\/wp\/v2\/media\/19"}],"wp:attachment":[{"href":"https:\/\/www.cel-lecco.it\/index.php\/wp-json\/wp\/v2\/media?parent=77"}],"curies":[{"name":"wp","href":"https:\/\/api.w.org\/{rel}","templated":true}]}}