{"id":235,"date":"2022-07-04T17:36:30","date_gmt":"2022-07-04T15:36:30","guid":{"rendered":"https:\/\/www.cel-lecco.it\/?page_id=235"},"modified":"2025-07-04T10:46:12","modified_gmt":"2025-07-04T08:46:12","slug":"informativa-sulla-privacy-privacy-policy","status":"publish","type":"page","link":"https:\/\/www.cel-lecco.it\/index.php\/informativa-sulla-privacy-privacy-policy\/","title":{"rendered":"Informativa sulla Privacy \u2013 Privacy Policy"},"content":{"rendered":"<p>PREMESSO CHE:<\/p>\n<p>\u201c<strong>www.cel-lecco.it&nbsp;<\/strong>\u201d di seguito sar\u00e0 denominato: \u201cPRESENTE SITO\u201d<br>\u201c<strong>Regolamento EU 2016\/679<\/strong>\u201d di seguito sar\u00e0 denominato: \u201cGDPR\u201d<br>\u201c<strong>C.E.L. S.R.L. A SOCIO UNICO<\/strong>\u201d di seguito sar\u00e0 denominato: \u201cTITOLARE\u201d<br><strong>INFORMATIVA TRATTAMENTO DATI PERSONALI<\/strong><\/p>\n<p>Gentile utente, la ringraziamo per aver visitato il nostro sito e le confermiamo che la tutela della Privacy \u00e8 uno dei nostri principali obiettivi: per questo, in questa pagina le descriviamo le modalit\u00e0 con cui andremo a trattare i DATI PERSONALI che ci fornir\u00e0&nbsp;<strong>compilano il form di contatto<\/strong>&nbsp;del PRESENTE SITO per inviarci&nbsp;<strong>richieste d\u2019informazione<\/strong>.<\/p>\n<p>La informiamo prima di tutto che il TITOLARE DEL TRATTAMENTO \u00e8:<\/p>\n<p><strong>C.E.L. S.R.L. A SOCIO UNICO&nbsp;<\/strong><br>Sede: <strong>Via Padre Domenico Mazzucconi 32 &#8211; 23900 &#8211; Lecco (LC) &#8211; IT<\/strong><\/p>\n<p>Email: <a href=\"mailto:mail@cellecco.it\"><strong><u>mail@cellecco.it<\/u><\/strong><\/a><br><strong>FINALITA\u2019 DEL TRATTAMENTO&nbsp;<\/strong><\/p>\n<p>Il trattamento che intendiamo effettuare, dietro suo specifico consenso, ha come finalit\u00e0 quella di&nbsp;<strong>rispondere a richieste d\u2019informazione<\/strong>&nbsp;che ci invier\u00e0 via e-mail, telefono o chat oppure tramite apposito form, relative ai servizi e alle soluzioni proposte sul PRESENTE SITO. I DATI PERSONALI identificativi che ci fornir\u00e0 volontariamente costituiscono oggetto del trattamento, e saranno trattati ed utilizzati direttamente per dar seguito alla sua richiesta d\u2019informazioni e a finalit\u00e0 strumentali ad essa connesse.<br><strong>CATEGORIE DI DATI PERSONALI<\/strong><\/p>\n<p>I DATI PERSONALI oggetto della presente informativa sono&nbsp;<strong>dati forniti volontariamente dall\u2019interessato<\/strong>. I DATI PERSONALI oggetto del trattamento sono infatti i dati che lei ci invia volontariamente, compilando il form di contatto, tra cui&nbsp;<strong>il nome, l\u2019indirizzo email, il numero di telefono o altro numero di identificazione, dati relativi all\u2019ubicazione<\/strong>&nbsp;etc\u2026 Il conferimento di tali dati personali \u00e8 del tutto facoltativo, tuttavia, in mancanza di completamento dei campi contrassegnati come (*) \u201cobbligatori\u201d, le informazioni che ci chiede non Le potranno essere fornite.<br><strong>DESTINATARI DEI DATI PERSONALI<\/strong><\/p>\n<p>Il trattamento dei suoi DATI PERSONALI viene effettuato manualmente e con strumenti elettronici, con logiche strettamente correlate alle finalit\u00e0 sopra indicate e, comunque, in modo da garantire la sicurezza e la riservatezza dei dati stessi. I suoi DATI PERSONALI potranno essere condivisi, per le \u201cFinalit\u00e0 di trattamento\u201d elencate, con&nbsp;<strong>Responsabili del trattamento<\/strong>&nbsp;(societ\u00e0 del gruppo o terze parti),&nbsp;<strong>Destinatari<\/strong>,&nbsp;<strong>Persone autorizzate<\/strong>,&nbsp;<strong>Partner commerciali<\/strong>&nbsp;oppure&nbsp;<strong>Enti e autorit\u00e0&nbsp;<\/strong>a cui sia obbligatorio comunicare i suoi DATI PERSONALI. L\u2019elenco completo dei responsabili del trattamento \u00e8 custodito presso la sede del TITOLARE e lei pu\u00f2 richiederne in qualsiasi momento una copia aggiornata inviando una richiesta all\u2019indirizzo&nbsp;e-mail <a href=\"mailto:mail@cellecco.it\">mail@cellecco.it<\/a><\/p>\n<p><strong>PERIODO DI CONSERVAZIONE<\/strong><\/p>\n<p>I DATI PERSONALI trattati per le finalit\u00e0 sopra descritte saranno conservati per il tempo strettamente necessario a raggiungere quelle stesse finalit\u00e0, e saranno successivamente conservati esclusivamente per scopi gestionali e per proteggere gli interessi del TITOLARE dalle possibili responsabilit\u00e0 basate su tali trattamenti. Maggiori informazioni in merito al periodo di conservazione dei dati e ai criteri utilizzati per determinare tale periodo possono essere richieste per&nbsp;e.mail a: <a href=\"mailto:mail@cellecco.it\">mail@cellecco.it<\/a>.<br><strong>MARKETING DIRETTO<\/strong><\/p>\n<p>I DATI PERSONALI raccolti potranno essere utilizzati anche per&nbsp;<strong>finalit\u00e0 di marketing&nbsp;<\/strong>e in particolare per marketing diretto via e-mail, solo quando ci\u00f2 rappresenti un legittimo interesse del TITOLARE oppure lei abbia fornito un consenso esplicito.<\/p>\n<p><strong>DIRITTI DELL\u2019INTERESSATO<\/strong><\/p>\n<p>Lei ha il diritto di chiedere al TITOLARE, in qualunque momento, l\u2019accesso ai suoi DATI PERSONALI (secondo Art. 15 del GDPR), la rettifica (secondo Art. 16 del GDPR), la cancellazione degli stessi (secondo Art. 17 del GDPR), la limitazione del trattamento (secondo Art. 18 del GDPR) o di opporsi al loro trattamento nei casi previsti dall\u2019Articolo 21 del GDPR, nonch\u00e9 di ottenere in un formato strutturato, di uso comune e leggibile da dispositivo automatico, i dati che la riguardano (\u201cportabilit\u00e0\u201d secondo Art. 20 del GDPR). Tutte le richieste possono essere rivolte scrivendo una&nbsp;e-mail a: <a href=\"mailto:mail@cellecco.it\">mail@cellecco.it<\/a>.<\/p>\n<p>In ogni caso lei ha sempre diritto di proporre reclamo all\u2019autorit\u00e0 di controllo competente (<em>Garante per la Protezione dei Dati Personali<\/em>), ai sensi dell\u2019art. 77 del GDPR, qualora ritenga che il trattamento dei suoi DATI PERSONALI sia contrario alla normativa in vigore.<\/p>\n<p><strong>REVOCA DEL CONSENSO<\/strong><\/p>\n<p>Lei ha anche il diritto di revocare, in qualsiasi momento, il consenso fornito in precedenza, con la stessa semplicit\u00e0 con cui ci \u00e8 stato dato: a tale fine, lei pu\u00f2 inviare un\u2019e-mail a:&nbsp;<a href=\"mailto:mail@cellecco.it\">mail@cellecco.it<\/a>&nbsp;oppure compilare il seguente form di revoca consenso:<\/p>\n\n<div class=\"wpforms-container wpforms-container-full\" id=\"wpforms-237\"><form id=\"wpforms-form-237\" class=\"wpforms-validate wpforms-form wpforms-ajax-form\" data-formid=\"237\" method=\"post\" enctype=\"multipart\/form-data\" action=\"\/index.php\/wp-json\/wp\/v2\/pages\/235\" data-token=\"4f442f40de637785230a9931b03a563f\"><noscript class=\"wpforms-error-noscript\">Abilita JavaScript nel browser per completare questo modulo.<\/noscript><div class=\"wpforms-field-container\"><div id=\"wpforms-237-field_0-container\" class=\"wpforms-field wpforms-field-name\" data-field-id=\"0\"><label class=\"wpforms-field-label\" for=\"wpforms-237-field_0\">Nome e Cognome <span class=\"wpforms-required-label\">*<\/span><\/label><div class=\"wpforms-field-row wpforms-field-medium\"><div class=\"wpforms-field-row-block wpforms-first wpforms-one-half\"><input type=\"text\" id=\"wpforms-237-field_0\" class=\"wpforms-field-name-first wpforms-field-required\" name=\"wpforms[fields][0][first]\" required><label for=\"wpforms-237-field_0\" class=\"wpforms-field-sublabel after \">Nome<\/label><\/div><div class=\"wpforms-field-row-block wpforms-one-half\"><input type=\"text\" id=\"wpforms-237-field_0-last\" class=\"wpforms-field-name-last wpforms-field-required\" name=\"wpforms[fields][0][last]\" required><label for=\"wpforms-237-field_0-last\" class=\"wpforms-field-sublabel after \">Cognome<\/label><\/div><\/div><\/div><div id=\"wpforms-237-field_3-container\" class=\"wpforms-field wpforms-field-number\" data-field-id=\"3\"><label class=\"wpforms-field-label\" for=\"wpforms-237-field_3\">Numero di telefono <span class=\"wpforms-required-label\">*<\/span><\/label><input type=\"number\" pattern=\"\\d*\" id=\"wpforms-237-field_3\" class=\"wpforms-field-medium wpforms-field-required\" name=\"wpforms[fields][3]\" required><\/div><div id=\"wpforms-237-field_1-container\" class=\"wpforms-field wpforms-field-email\" data-field-id=\"1\"><label class=\"wpforms-field-label\" for=\"wpforms-237-field_1\">Email <span class=\"wpforms-required-label\">*<\/span><\/label><input type=\"email\" id=\"wpforms-237-field_1\" class=\"wpforms-field-medium wpforms-field-required\" name=\"wpforms[fields][1]\" required><\/div><div id=\"wpforms-237-field_6-container\" class=\"wpforms-field wpforms-field-checkbox\" data-field-id=\"6\"><label class=\"wpforms-field-label\" for=\"wpforms-237-field_6\">Revoco il consenso dei miei dati personali: <span class=\"wpforms-required-label\">*<\/span><\/label><ul id=\"wpforms-237-field_6\" class=\"wpforms-field-required\"><li class=\"choice-1 depth-1\"><input type=\"checkbox\" id=\"wpforms-237-field_6_1\" name=\"wpforms[fields][6][]\" value=\"HO PRESO VISIONE DELL\u2019INFORMATIVA\" required ><label class=\"wpforms-field-label-inline\" for=\"wpforms-237-field_6_1\">HO PRESO VISIONE DELL\u2019INFORMATIVA<\/label><\/li><\/ul><\/div><\/div><div class=\"wpforms-recaptcha-container wpforms-is-recaptcha\"><div class=\"g-recaptcha\" data-sitekey=\"6LdruMIgAAAAAKGTIA6Ruu3MNgROA2vpSAzgJJfG\"><\/div><input type=\"text\" name=\"g-recaptcha-hidden\" class=\"wpforms-recaptcha-hidden\" style=\"position:absolute!important;clip:rect(0,0,0,0)!important;height:1px!important;width:1px!important;border:0!important;overflow:hidden!important;padding:0!important;margin:0!important;\" required><\/div><div class=\"wpforms-submit-container\"><input type=\"hidden\" name=\"wpforms[id]\" value=\"237\"><input type=\"hidden\" name=\"wpforms[author]\" value=\"1\"><button type=\"submit\" name=\"wpforms[submit]\" id=\"wpforms-submit-237\" class=\"wpforms-submit\" data-alt-text=\"Sending...\" data-submit-text=\"REVOCA CONSENSO\" aria-live=\"assertive\" value=\"wpforms-submit\">REVOCA CONSENSO<\/button><img src=\"https:\/\/www.cel-lecco.it\/wp-content\/plugins\/wpforms-lite\/assets\/images\/submit-spin.svg\" class=\"wpforms-submit-spinner\" style=\"display: none;\" width=\"26\" height=\"26\" alt=\"\"><\/div><\/form><\/div>  <!-- .wpforms-container -->\n\n\n<hr class=\"wp-block-separator\"\/>\n\n\n\n<p>This Privacy Policy governs the manner in which cel-lecco.it by C.E.L. S.R.L. A SOCIO UNICO collects, uses, maintains and discloses information collected from users (each, a &#8220;User&#8221;) of the http:\/\/www.cel-lecco.it website (&#8220;Site&#8221;). This privacy policy applies to the Site and all products and services offered by cel-lecco.it by C.E.L. S.R.L. A SOCIO UNICO.<\/p>\n\n\n\n<h2>Personal identification information<\/h2>\n\n\n\n<p>We may collect personal identification information from Users in a variety of ways, including, but not limited to, when Users visit our site, place an orderfill out a form and in connection with other activities, services, features or resources we make available on our Site. Users may be asked for, as appropriate, name, email address,<\/p>\n\n\n\n<p>Users may, however, visit our Site anonymously.<\/p>\n\n\n\n<p>We will collect personal identification information from Users only if they voluntarily submit such information to us. Users can always refuse to supply personally identification information, except that it may prevent them from engaging in certain Site related activities.<\/p>\n\n\n\n<h2>Non-personal identification information<\/h2>\n\n\n\n<p>We don&#8217;t collect non-personal identification information about Users whenever they interact with our Site. Non-personal identification information may include the browser name, the type of computer and technical information about Users means of connection to our Site, such as the operating system and the Internet service providers utilized and other similar information.<\/p>\n\n\n\n<h2>Web browser cookies<\/h2>\n\n\n\n<p>Our Site doesn&#8217;t use &#8220;cookies&#8221; to enhance User experience. User&#8217;s web browser places cookies on their hard drive for record-keeping purposes and sometimes to track information about them. User may choose to set their web browser to refuse cookies.<\/p>\n\n\n\n<h2>How we use collected information<\/h2>\n\n\n\n<p>cel-lecco.it by C.E.L. S.R.L. A SOCIO UNICO collects and uses Users personal information for the following purposes:<\/p>\n\n\n\n<ul><li><em>To improve customer service<\/em><br>Your information helps us to more effectively respond to your customer service requests and support needs.<\/li><li><em>To process transactions<\/em><br>We may use the information Users provide about themselves when placing an order only to provide service to that order. We do not share this information with outside parties except to the extent necessary to provide the service.<\/li><li><em>To send periodic emails<\/em>The email address Users provide for order processing, will only be used to send them information and updates pertaining to their order. It may also be used to respond to their inquiries, and\/or other requests or questions. If User decides to opt-in to our mailing list, they will receive emails that may include company news, updates, related product or service information, etc. If at any time the User would like to unsubscribe from receiving future emails, we include detailed unsubscribe instructions at the bottom of each email or User may contact us via our Site.<\/li><\/ul>\n\n\n\n<h2>How we protect your information<\/h2>\n\n\n\n<p>We adopt appropriate data collection, storage and processing practices and security measures to protect against unauthorized access, alteration, disclosure or destruction of your personal information, username, password, transaction information and data stored on our Site.<\/p>\n\n\n\n<p>Sensitive and private data exchange between the Site and its Users happens over a SSL secured communication channel and is encrypted and protected with digital signatures.<\/p>\n\n\n\n<h2>COOKIES<\/h2>\n\n\n\n<p>Nessun dato personale degli utenti viene in proposito acquisito dal sito.<br>I cookies di sessione utilizzati in questo sito evitano il ricorso ad altre tecniche<br>informatiche potenzialmente pregiudizievoli per la riservatezza della navigazione<br>degli utenti e non consentono l&#8217;acquisizione di dati personali identificativi dell\u2019utente.<\/p>\n\n\n\n<h2>RIFIUTARE E BLOCCARE I COOKIES<\/h2>\n\n\n\n<p>La maggioranza dei browser internet sono inizialmente impostati per accettare<br>i cookie in modo automatico. Cio&#8217; significa che hai la possibilita&#8217;, in ogni momento,<br>di impostare il tuo browser in modo da accettare tutti i cookie, solo alcuni,<br>oppure di rifiutarli, disabilitandone l&#8217;uso da parte dei siti.<br>Inoltre puoi normalmente impostare le preferenze del tuo browser in modo tale<br>da essere avvisato ogni volta che un cookie viene memorizzato nel tuo computer.<br>Al termine di ogni sessione di navigazione, infine, puoi cancellare<br>dal disco fisso del tuo dispositivo i cookie raccolti.<br>Se vuoi eliminare i cookie installati nella cartella dei cookie<br>del browser utilizzato, occorre rammentare che ciascun browser<br>presenta procedure diverse per la gestione delle impostazioni.<\/p>\n\n\n\n<p>Selezionando i collegamenti sottostanti puoi ottenere istruzioni<br>specifiche per alcuni dei principali browser.<\/p>\n\n\n\n<p>Microsoft Windows Explorer: <a href=\"http:\/\/windows.microsoft.com\/en-us\/windows-vista\/block-or-allow-cookies\">http:\/\/windows.microsoft.com\/en-us\/windows-vista\/block-or-allow-cookies<\/a><br>Google Chrome: <a href=\"https:\/\/support.google.com\/chrome\/bin\/answer.py?hl=en&amp;answer=95647&amp;p=cpn_cookies\">https:\/\/support.google.com\/chrome\/bin\/answer.py?hl=en&amp;answer=95647&amp;p=cpn_cookies<\/a><br>Mozilla Firefox: <a href=\"http:\/\/support.mozilla.org\/en-US\/kb\/Enabling%20and%20disabling%20cookies\">http:\/\/support.mozilla.org\/en-US\/kb\/Enabling%20and%20disabling%20cookies<\/a><br>Apple Safari: http:<a href=\"\/\/docs.info.apple.com\/article.html?path=Safari\/5.0\/en\/9277.html\">\/\/docs.info.apple.com\/article.html?path=Safari\/5.0\/en\/9277.html<\/a><br>Per non ricevere i cookie di Google Analytics visita la pagina: <a href=\"https:\/\/tools.google.com\/dlpage\/gaoptout\/\">https:\/\/tools.google.com\/dlpage\/gaoptout\/<\/a><br>Se vuoi saperne di pi\u00f9 sui cookie in generale visita la pagina <a href=\"www.allaboutcookies.org\">www.allaboutcookies.org<\/a><\/p>\n\n\n\n<h2>MONITORAGGIO E STATISTICHE<\/h2>\n\n\n\n<p>Questo sito Web utilizza un servizio di Web Analytics fornito da Google.<br>Il sistema di misurazione puo&#8217; far uso di &#8220;cookies&#8221;, piccoli file di testo<br>che vengono depositati sul PC del navigatore per consentire di analizzare<br>anonimamente le modalita&#8217; di utilizzo del sito. Le informazioni,<br>completamente anonime, memorizzate nei cookies sono:<br>data e ora di accesso al sito, ID univoco, ID di sessione.<br>Questi dati vengono inviati ai server Google dove \u00e8 stato installato<br>il software Google Analytics per elaborare report relativi alle modalita&#8217;<br>di utilizzo di questo sito Web, alle attivita&#8217; di web marketing,<br>nonche&#8217; per fornire al navigatore funzionalita&#8217; e interazione durante la navigazione.<br>Google potrebbe trasferire queste informazioni a terzi che trattino<br>dati per suo nome e conto, o qualora cio&#8217; sia imposto da norme imperative.<br>In qualunque momento \u00e8 possibile disabilitare i cookies dal PC modificando<br>le impostazioni di Sicurezza e Privacy presenti sul browser,<br>ma quest&#8217;opzione potrebbe limitare molte delle funzionalita&#8217; di navigazione del sito.<br>L&#8217;informativa completa, resa ai sensi dell&#8217;art. 13 D. lgs. n. 196\/03, e&#8217; disponibile su<br>http:\/\/www.google.it\/intl\/it\/policies\/. Proseguendo la navigazione sul presente sito,<br>dichiari di aver preso visione dell&#8217;informativa di cui all&#8217;art. 13 D. lgs. n. 196\/03<br>e manifesti il consenso informato al trattamento dei tuoi dati personali da parte di Google,<br>con le modalita&#8217; e ai fini sopraindicati.<\/p>\n\n\n\n<p>Per prenedere visione della <strong>direttiva del Garante della Privacy &#8211; Roma, 4 giugno 2014<\/strong> <a href=\"http:\/\/www.garanteprivacy.it\/web\/guest\/home\/docweb\/-\/docweb-display\/docweb\/3167231\" target=\"_blank\" rel=\"noreferrer noopener\">cliccare qui<\/a><\/p>\n\n\n\n<h2>Changes to this privacy policy<\/h2>\n\n\n\n<p>cel-lecco.it by C.E.L. S.R.L. A SOCIO UNICO has the discretion to update this privacy policy at any time. When we do, send you an email. We encourage Users to frequently check this page for any changes to stay informed about how we are helping to protect the personal information we collect. You acknowledge and agree that it is your responsibility to review this privacy policy periodically and become aware of modifications.<\/p>\n\n\n\n<p>If you have any questions about this Privacy Policy, the practices of this site, or your dealings with this site, please contact us at:<\/p>\n\n\n\n<p>cel-lecco.it by C.E.L. S.R.L. A SOCIO UNICO<\/p>\n\n\n\n<p>Via Padre Domenico Mazzucconi 32 &#8211; 23900 &#8211; Lecco (LC) &#8211; IT<\/p>\n\n\n\n<p>+39 0341250458<\/p>\n\n\n\n<p><a href=\"mailto:mail@cellecco.it\">mail@cellecco.it<\/a><\/p>\n\n\n\n<p>Effective 04 July 2022<\/p>\n","protected":false},"excerpt":{"rendered":"<p class=\"post-excerpt\">PREMESSO CHE: \u201cwww.cel-lecco.it&nbsp;\u201d di seguito sar\u00e0 denominato: \u201cPRESENTE SITO\u201d\u201cRegolamento EU 2016\/679\u201d di&hellip;<\/p>\n<div class=\"link-more\"><a href=\"https:\/\/www.cel-lecco.it\/index.php\/informativa-sulla-privacy-privacy-policy\/\">Continua a leggere <span class=\"screen-reader-text\"> \"Informativa sulla Privacy \u2013 Privacy Policy\"<\/span>&hellip;<\/a><\/div>","protected":false},"author":1,"featured_media":0,"parent":0,"menu_order":0,"comment_status":"closed","ping_status":"closed","template":"","meta":[],"_links":{"self":[{"href":"https:\/\/www.cel-lecco.it\/index.php\/wp-json\/wp\/v2\/pages\/235"}],"collection":[{"href":"https:\/\/www.cel-lecco.it\/index.php\/wp-json\/wp\/v2\/pages"}],"about":[{"href":"https:\/\/www.cel-lecco.it\/index.php\/wp-json\/wp\/v2\/types\/page"}],"author":[{"embeddable":true,"href":"https:\/\/www.cel-lecco.it\/index.php\/wp-json\/wp\/v2\/users\/1"}],"replies":[{"embeddable":true,"href":"https:\/\/www.cel-lecco.it\/index.php\/wp-json\/wp\/v2\/comments?post=235"}],"version-history":[{"count":2,"href":"https:\/\/www.cel-lecco.it\/index.php\/wp-json\/wp\/v2\/pages\/235\/revisions"}],"predecessor-version":[{"id":244,"href":"https:\/\/www.cel-lecco.it\/index.php\/wp-json\/wp\/v2\/pages\/235\/revisions\/244"}],"wp:attachment":[{"href":"https:\/\/www.cel-lecco.it\/index.php\/wp-json\/wp\/v2\/media?parent=235"}],"curies":[{"name":"wp","href":"https:\/\/api.w.org\/{rel}","templated":true}]}}